{"id":89,"date":"2024-12-17T17:11:59","date_gmt":"2024-12-17T16:11:59","guid":{"rendered":"https:\/\/ubpbo.net\/procamqui\/?page_id=89"},"modified":"2024-12-20T19:07:56","modified_gmt":"2024-12-20T18:07:56","slug":"preguntas-frecuentes","status":"publish","type":"page","link":"https:\/\/ubpbo.net\/procamqui\/preguntas-frecuentes\/","title":{"rendered":"Preguntas Frecuentes"},"content":{"rendered":"\t\t<div data-elementor-type=\"wp-page\" data-elementor-id=\"89\" class=\"elementor elementor-89\" data-elementor-settings=\"{&quot;ha_cmc_init_switcher&quot;:&quot;no&quot;}\" data-elementor-post-type=\"page\">\n\t\t\t\t<div class=\"elementor-element elementor-element-4e581fe e-flex e-con-boxed e-con e-parent\" data-id=\"4e581fe\" data-element_type=\"container\" data-settings=\"{&quot;background_background&quot;:&quot;classic&quot;,&quot;_ha_eqh_enable&quot;:false}\">\n\t\t\t\t\t<div class=\"e-con-inner\">\n\t\t\t\t\t<\/div>\n\t\t\t\t<\/div>\n\t\t<div class=\"elementor-element elementor-element-ee58b5f e-con-full e-flex e-con e-parent\" data-id=\"ee58b5f\" data-element_type=\"container\" data-settings=\"{&quot;_ha_eqh_enable&quot;:false}\">\n\t\t<div class=\"elementor-element elementor-element-a00174f e-con-full e-flex e-con e-child\" data-id=\"a00174f\" data-element_type=\"container\" data-settings=\"{&quot;_ha_eqh_enable&quot;:false}\">\n\t\t\t\t<div class=\"elementor-element elementor-element-167928d elementor-widget elementor-widget-heading\" data-id=\"167928d\" data-element_type=\"widget\" data-widget_type=\"heading.default\">\n\t\t\t\t<div class=\"elementor-widget-container\">\n\t\t\t\t\t<h2 class=\"elementor-heading-title elementor-size-default\">Preguntas Frecuentes de los Usuarios<\/h2>\t\t\t\t<\/div>\n\t\t\t\t<\/div>\n\t\t\t\t<div class=\"elementor-element elementor-element-ad828e3 elementor-widget-divider--view-line elementor-widget elementor-widget-divider\" data-id=\"ad828e3\" data-element_type=\"widget\" data-widget_type=\"divider.default\">\n\t\t\t\t<div class=\"elementor-widget-container\">\n\t\t\t\t\t\t\t<div class=\"elementor-divider\">\n\t\t\t<span class=\"elementor-divider-separator\">\n\t\t\t\t\t\t<\/span>\n\t\t<\/div>\n\t\t\t\t\t\t<\/div>\n\t\t\t\t<\/div>\n\t\t\t\t<div class=\"elementor-element elementor-element-9b263ed elementor-widget elementor-widget-text-editor\" data-id=\"9b263ed\" data-element_type=\"widget\" data-widget_type=\"text-editor.default\">\n\t\t\t\t<div class=\"elementor-widget-container\">\n\t\t\t\t\t\t\t\t\t<p>En esta secci\u00f3n encontrar\u00e1s respuestas a las preguntas m\u00e1s comunes que recibimos sobre los servicios, proyectos y actividades de PROCAMQUI. Queremos asegurarnos de que la informaci\u00f3n est\u00e9 f\u00e1cilmente disponible para que puedas resolver tus dudas de manera r\u00e1pida y eficiente.<\/p>\t\t\t\t\t\t\t\t<\/div>\n\t\t\t\t<\/div>\n\t\t\t\t<div class=\"elementor-element elementor-element-816dc84 ha-accordion--icon-left elementor-widget elementor-widget-ha-accordion happy-addon ha-accordion happy-addon-pro\" data-id=\"816dc84\" data-element_type=\"widget\" data-widget_type=\"ha-accordion.default\">\n\t\t\t\t<div class=\"elementor-widget-container\">\n\t\t\t\t\t        <div class=\"ha-accordion__wrapper\" role=\"tablist\">\n                            <div class=\"ha-accordion__item\">\n                    <div id=\"ha-accordion__item-title-1351\" class=\"ha-accordion__item-title\" data-tab=\"1\" role=\"tab\" aria-controls=\"ha-accordion__item-content-1351\">\n                                                    <span class=\"ha-accordion__item-icon ha-accordion__icon\" aria-hidden=\"true\">\n                                                                    <span class=\"ha-accordion__icon--closed\"><i aria-hidden=\"true\" class=\"fas fa-plus\"><\/i><\/span>\n                                                                                                    <span class=\"ha-accordion__icon--opened\"><i aria-hidden=\"true\" class=\"fas fa-minus\"><\/i><\/span>\n                                                            <\/span>\n                                                <div class=\"ha-accordion__item-title-inner\">\n                                                        <span class=\"ha-accordion__item-title-text\">Pregunta 1<\/span>\n                        <\/div>\n                    <\/div>\n                    <div id=\"ha-accordion__item-content-1351\" class=\"ha-accordion__item-content\" data-tab=\"1\" role=\"tabpanel\" aria-labelledby=\"ha-accordion__item-title-1351\">\n                        <p>Lorem ipsum dolor sit amet, consectetur adipiscing elit, sed do eiusmod tempor incididunt ut labore <br \/><br \/>et dolore magna aliqua. Ut enim ad minim veniam, quis nostrud exercitation ullamco laboris nisi ut aliquip ex ea commodo consequat. Duis aute irure dolor in reprehenderit in voluptate velit esse cillum dolore eu fugiat nulla pariatur. Excepteur sint occaecat cupidatat non proident, sunt in culpa qui officia deserunt mollit anim id est laborum.<\/p>                    <\/div>\n                <\/div>\n                            <div class=\"ha-accordion__item\">\n                    <div id=\"ha-accordion__item-title-1352\" class=\"ha-accordion__item-title\" data-tab=\"2\" role=\"tab\" aria-controls=\"ha-accordion__item-content-1352\">\n                                                    <span class=\"ha-accordion__item-icon ha-accordion__icon\" aria-hidden=\"true\">\n                                                                    <span class=\"ha-accordion__icon--closed\"><i aria-hidden=\"true\" class=\"fas fa-plus\"><\/i><\/span>\n                                                                                                    <span class=\"ha-accordion__icon--opened\"><i aria-hidden=\"true\" class=\"fas fa-minus\"><\/i><\/span>\n                                                            <\/span>\n                                                <div class=\"ha-accordion__item-title-inner\">\n                                                        <span class=\"ha-accordion__item-title-text\">Pregunta 2<\/span>\n                        <\/div>\n                    <\/div>\n                    <div id=\"ha-accordion__item-content-1352\" class=\"ha-accordion__item-content\" data-tab=\"2\" role=\"tabpanel\" aria-labelledby=\"ha-accordion__item-title-1352\">\n                        <p>Lorem ipsum dolor sit amet, consectetur adipiscing elit, sed do eiusmod tempor incididunt ut labore <br \/><br \/>et dolore magna aliqua. Ut enim ad minim veniam, quis nostrud exercitation ullamco laboris nisi ut aliquip ex ea commodo consequat. Duis aute irure dolor in reprehenderit in voluptate velit esse cillum dolore eu fugiat nulla pariatur. Excepteur sint occaecat cupidatat non proident, sunt in culpa qui officia deserunt mollit anim id est laborum.<\/p>                    <\/div>\n                <\/div>\n                            <div class=\"ha-accordion__item\">\n                    <div id=\"ha-accordion__item-title-1353\" class=\"ha-accordion__item-title\" data-tab=\"3\" role=\"tab\" aria-controls=\"ha-accordion__item-content-1353\">\n                                                    <span class=\"ha-accordion__item-icon ha-accordion__icon\" aria-hidden=\"true\">\n                                                                    <span class=\"ha-accordion__icon--closed\"><i aria-hidden=\"true\" class=\"fas fa-plus\"><\/i><\/span>\n                                                                                                    <span class=\"ha-accordion__icon--opened\"><i aria-hidden=\"true\" class=\"fas fa-minus\"><\/i><\/span>\n                                                            <\/span>\n                                                <div class=\"ha-accordion__item-title-inner\">\n                                                        <span class=\"ha-accordion__item-title-text\">Pregunta 3<\/span>\n                        <\/div>\n                    <\/div>\n                    <div id=\"ha-accordion__item-content-1353\" class=\"ha-accordion__item-content\" data-tab=\"3\" role=\"tabpanel\" aria-labelledby=\"ha-accordion__item-title-1353\">\n                        <p>Lorem ipsum dolor sit amet, consectetur adipiscing elit, sed do eiusmod tempor incididunt ut labore<\/p><p>et dolore magna aliqua. Ut enim ad minim veniam, quis nostrud exercitation ullamco laboris nisi ut aliquip ex ea commodo consequat. Duis aute irure dolor in reprehenderit in voluptate velit esse cillum dolore eu fugiat nulla pariatur. Excepteur sint occaecat cupidatat non proident, sunt in culpa qui officia deserunt mollit anim id est laborum.<\/p>                    <\/div>\n                <\/div>\n                            <div class=\"ha-accordion__item\">\n                    <div id=\"ha-accordion__item-title-1354\" class=\"ha-accordion__item-title\" data-tab=\"4\" role=\"tab\" aria-controls=\"ha-accordion__item-content-1354\">\n                                                    <span class=\"ha-accordion__item-icon ha-accordion__icon\" aria-hidden=\"true\">\n                                                                    <span class=\"ha-accordion__icon--closed\"><i aria-hidden=\"true\" class=\"fas fa-plus\"><\/i><\/span>\n                                                                                                    <span class=\"ha-accordion__icon--opened\"><i aria-hidden=\"true\" class=\"fas fa-minus\"><\/i><\/span>\n                                                            <\/span>\n                                                <div class=\"ha-accordion__item-title-inner\">\n                                                        <span class=\"ha-accordion__item-title-text\">Pregunta 4<\/span>\n                        <\/div>\n                    <\/div>\n                    <div id=\"ha-accordion__item-content-1354\" class=\"ha-accordion__item-content\" data-tab=\"4\" role=\"tabpanel\" aria-labelledby=\"ha-accordion__item-title-1354\">\n                        <p>Lorem ipsum dolor sit amet, consectetur adipiscing elit, sed do eiusmod tempor incididunt ut labore<\/p><p>et dolore magna aliqua. Ut enim ad minim veniam, quis nostrud exercitation ullamco laboris nisi ut aliquip ex ea commodo consequat. Duis aute irure dolor in reprehenderit in voluptate velit esse cillum dolore eu fugiat nulla pariatur. Excepteur sint occaecat cupidatat non proident, sunt in culpa qui officia deserunt mollit anim id est laborum.<\/p>                    <\/div>\n                <\/div>\n                            <div class=\"ha-accordion__item\">\n                    <div id=\"ha-accordion__item-title-1355\" class=\"ha-accordion__item-title\" data-tab=\"5\" role=\"tab\" aria-controls=\"ha-accordion__item-content-1355\">\n                                                    <span class=\"ha-accordion__item-icon ha-accordion__icon\" aria-hidden=\"true\">\n                                                                    <span class=\"ha-accordion__icon--closed\"><i aria-hidden=\"true\" class=\"fas fa-plus\"><\/i><\/span>\n                                                                                                    <span class=\"ha-accordion__icon--opened\"><i aria-hidden=\"true\" class=\"fas fa-minus\"><\/i><\/span>\n                                                            <\/span>\n                                                <div class=\"ha-accordion__item-title-inner\">\n                                                        <span class=\"ha-accordion__item-title-text\">Pregunta 5<\/span>\n                        <\/div>\n                    <\/div>\n                    <div id=\"ha-accordion__item-content-1355\" class=\"ha-accordion__item-content\" data-tab=\"5\" role=\"tabpanel\" aria-labelledby=\"ha-accordion__item-title-1355\">\n                        <p>Lorem ipsum dolor sit amet, consectetur adipiscing elit, sed do eiusmod tempor incididunt ut labore<\/p><p>et dolore magna aliqua. Ut enim ad minim veniam, quis nostrud exercitation ullamco laboris nisi ut aliquip ex ea commodo consequat. Duis aute irure dolor in reprehenderit in voluptate velit esse cillum dolore eu fugiat nulla pariatur. Excepteur sint occaecat cupidatat non proident, sunt in culpa qui officia deserunt mollit anim id est laborum.<\/p>                    <\/div>\n                <\/div>\n                            <div class=\"ha-accordion__item\">\n                    <div id=\"ha-accordion__item-title-1356\" class=\"ha-accordion__item-title\" data-tab=\"6\" role=\"tab\" aria-controls=\"ha-accordion__item-content-1356\">\n                                                    <span class=\"ha-accordion__item-icon ha-accordion__icon\" aria-hidden=\"true\">\n                                                                    <span class=\"ha-accordion__icon--closed\"><i aria-hidden=\"true\" class=\"fas fa-plus\"><\/i><\/span>\n                                                                                                    <span class=\"ha-accordion__icon--opened\"><i aria-hidden=\"true\" class=\"fas fa-minus\"><\/i><\/span>\n                                                            <\/span>\n                                                <div class=\"ha-accordion__item-title-inner\">\n                                                        <span class=\"ha-accordion__item-title-text\">Pregunta 6<\/span>\n                        <\/div>\n                    <\/div>\n                    <div id=\"ha-accordion__item-content-1356\" class=\"ha-accordion__item-content\" data-tab=\"6\" role=\"tabpanel\" aria-labelledby=\"ha-accordion__item-title-1356\">\n                        <p>Lorem ipsum dolor sit amet, consectetur adipiscing elit, sed do eiusmod tempor incididunt ut labore<\/p><p>et dolore magna aliqua. Ut enim ad minim veniam, quis nostrud exercitation ullamco laboris nisi ut aliquip ex ea commodo consequat. Duis aute irure dolor in reprehenderit in voluptate velit esse cillum dolore eu fugiat nulla pariatur. Excepteur sint occaecat cupidatat non proident, sunt in culpa qui officia deserunt mollit anim id est laborum.<\/p>                    <\/div>\n                <\/div>\n                            <div class=\"ha-accordion__item\">\n                    <div id=\"ha-accordion__item-title-1357\" class=\"ha-accordion__item-title\" data-tab=\"7\" role=\"tab\" aria-controls=\"ha-accordion__item-content-1357\">\n                                                    <span class=\"ha-accordion__item-icon ha-accordion__icon\" aria-hidden=\"true\">\n                                                                    <span class=\"ha-accordion__icon--closed\"><i aria-hidden=\"true\" class=\"fas fa-plus\"><\/i><\/span>\n                                                                                                    <span class=\"ha-accordion__icon--opened\"><i aria-hidden=\"true\" class=\"fas fa-minus\"><\/i><\/span>\n                                                            <\/span>\n                                                <div class=\"ha-accordion__item-title-inner\">\n                                                        <span class=\"ha-accordion__item-title-text\">Pregunta 7<\/span>\n                        <\/div>\n                    <\/div>\n                    <div id=\"ha-accordion__item-content-1357\" class=\"ha-accordion__item-content\" data-tab=\"7\" role=\"tabpanel\" aria-labelledby=\"ha-accordion__item-title-1357\">\n                        <p>Lorem ipsum dolor sit amet, consectetur adipiscing elit, sed do eiusmod tempor incididunt ut labore<\/p><p>et dolore magna aliqua. Ut enim ad minim veniam, quis nostrud exercitation ullamco laboris nisi ut aliquip ex ea commodo consequat. Duis aute irure dolor in reprehenderit in voluptate velit esse cillum dolore eu fugiat nulla pariatur. Excepteur sint occaecat cupidatat non proident, sunt in culpa qui officia deserunt mollit anim id est laborum.<\/p>                    <\/div>\n                <\/div>\n                            <div class=\"ha-accordion__item\">\n                    <div id=\"ha-accordion__item-title-1358\" class=\"ha-accordion__item-title\" data-tab=\"8\" role=\"tab\" aria-controls=\"ha-accordion__item-content-1358\">\n                                                    <span class=\"ha-accordion__item-icon ha-accordion__icon\" aria-hidden=\"true\">\n                                                                    <span class=\"ha-accordion__icon--closed\"><i aria-hidden=\"true\" class=\"fas fa-plus\"><\/i><\/span>\n                                                                                                    <span class=\"ha-accordion__icon--opened\"><i aria-hidden=\"true\" class=\"fas fa-minus\"><\/i><\/span>\n                                                            <\/span>\n                                                <div class=\"ha-accordion__item-title-inner\">\n                                                        <span class=\"ha-accordion__item-title-text\">Pregunta 8<\/span>\n                        <\/div>\n                    <\/div>\n                    <div id=\"ha-accordion__item-content-1358\" class=\"ha-accordion__item-content\" data-tab=\"8\" role=\"tabpanel\" aria-labelledby=\"ha-accordion__item-title-1358\">\n                        <p>Lorem ipsum dolor sit amet, consectetur adipiscing elit, sed do eiusmod tempor incididunt ut labore<\/p><p>et dolore magna aliqua. Ut enim ad minim veniam, quis nostrud exercitation ullamco laboris nisi ut aliquip ex ea commodo consequat. Duis aute irure dolor in reprehenderit in voluptate velit esse cillum dolore eu fugiat nulla pariatur. Excepteur sint occaecat cupidatat non proident, sunt in culpa qui officia deserunt mollit anim id est laborum.<\/p>                    <\/div>\n                <\/div>\n                            <div class=\"ha-accordion__item\">\n                    <div id=\"ha-accordion__item-title-1359\" class=\"ha-accordion__item-title\" data-tab=\"9\" role=\"tab\" aria-controls=\"ha-accordion__item-content-1359\">\n                                                    <span class=\"ha-accordion__item-icon ha-accordion__icon\" aria-hidden=\"true\">\n                                                                    <span class=\"ha-accordion__icon--closed\"><i aria-hidden=\"true\" class=\"fas fa-plus\"><\/i><\/span>\n                                                                                                    <span class=\"ha-accordion__icon--opened\"><i aria-hidden=\"true\" class=\"fas fa-minus\"><\/i><\/span>\n                                                            <\/span>\n                                                <div class=\"ha-accordion__item-title-inner\">\n                                                        <span class=\"ha-accordion__item-title-text\">Pregunta 9<\/span>\n                        <\/div>\n                    <\/div>\n                    <div id=\"ha-accordion__item-content-1359\" class=\"ha-accordion__item-content\" data-tab=\"9\" role=\"tabpanel\" aria-labelledby=\"ha-accordion__item-title-1359\">\n                        <p>Lorem ipsum dolor sit amet, consectetur adipiscing elit, sed do eiusmod tempor incididunt ut labore<\/p><p>et dolore magna aliqua. Ut enim ad minim veniam, quis nostrud exercitation ullamco laboris nisi ut aliquip ex ea commodo consequat. Duis aute irure dolor in reprehenderit in voluptate velit esse cillum dolore eu fugiat nulla pariatur. Excepteur sint occaecat cupidatat non proident, sunt in culpa qui officia deserunt mollit anim id est laborum.<\/p>                    <\/div>\n                <\/div>\n                            <div class=\"ha-accordion__item\">\n                    <div id=\"ha-accordion__item-title-13510\" class=\"ha-accordion__item-title\" data-tab=\"10\" role=\"tab\" aria-controls=\"ha-accordion__item-content-13510\">\n                                                    <span class=\"ha-accordion__item-icon ha-accordion__icon\" aria-hidden=\"true\">\n                                                                    <span class=\"ha-accordion__icon--closed\"><i aria-hidden=\"true\" class=\"fas fa-plus\"><\/i><\/span>\n                                                                                                    <span class=\"ha-accordion__icon--opened\"><i aria-hidden=\"true\" class=\"fas fa-minus\"><\/i><\/span>\n                                                            <\/span>\n                                                <div class=\"ha-accordion__item-title-inner\">\n                                                        <span class=\"ha-accordion__item-title-text\">Pregunta 10<\/span>\n                        <\/div>\n                    <\/div>\n                    <div id=\"ha-accordion__item-content-13510\" class=\"ha-accordion__item-content\" data-tab=\"10\" role=\"tabpanel\" aria-labelledby=\"ha-accordion__item-title-13510\">\n                        <p>Lorem ipsum dolor sit amet, consectetur adipiscing elit, sed do eiusmod tempor incididunt ut labore<\/p><p>et dolore magna aliqua. Ut enim ad minim veniam, quis nostrud exercitation ullamco laboris nisi ut aliquip ex ea commodo consequat. Duis aute irure dolor in reprehenderit in voluptate velit esse cillum dolore eu fugiat nulla pariatur. Excepteur sint occaecat cupidatat non proident, sunt in culpa qui officia deserunt mollit anim id est laborum.<\/p>                    <\/div>\n                <\/div>\n                    <\/div>\n        \t\t\t\t<\/div>\n\t\t\t\t<\/div>\n\t\t\t\t<\/div>\n\t\t\t\t<\/div>\n\t\t\t\t<\/div>\n\t\t","protected":false},"excerpt":{"rendered":"<p>Preguntas Frecuentes de los Usuarios En esta secci\u00f3n encontrar\u00e1s respuestas a las preguntas m\u00e1s comunes que recibimos sobre los servicios, proyectos y actividades de PROCAMQUI. Queremos asegurarnos de que la informaci\u00f3n est\u00e9 f\u00e1cilmente disponible para que puedas resolver tus dudas de manera r\u00e1pida y eficiente. Pregunta 1 Lorem ipsum dolor sit amet, consectetur adipiscing elit, [&hellip;]<\/p>\n","protected":false},"author":1,"featured_media":0,"parent":0,"menu_order":0,"comment_status":"closed","ping_status":"closed","template":"elementor_header_footer","meta":{"footnotes":""},"class_list":["post-89","page","type-page","status-publish","hentry"],"_links":{"self":[{"href":"https:\/\/ubpbo.net\/procamqui\/wp-json\/wp\/v2\/pages\/89","targetHints":{"allow":["GET"]}}],"collection":[{"href":"https:\/\/ubpbo.net\/procamqui\/wp-json\/wp\/v2\/pages"}],"about":[{"href":"https:\/\/ubpbo.net\/procamqui\/wp-json\/wp\/v2\/types\/page"}],"author":[{"embeddable":true,"href":"https:\/\/ubpbo.net\/procamqui\/wp-json\/wp\/v2\/users\/1"}],"replies":[{"embeddable":true,"href":"https:\/\/ubpbo.net\/procamqui\/wp-json\/wp\/v2\/comments?post=89"}],"version-history":[{"count":7,"href":"https:\/\/ubpbo.net\/procamqui\/wp-json\/wp\/v2\/pages\/89\/revisions"}],"predecessor-version":[{"id":403,"href":"https:\/\/ubpbo.net\/procamqui\/wp-json\/wp\/v2\/pages\/89\/revisions\/403"}],"wp:attachment":[{"href":"https:\/\/ubpbo.net\/procamqui\/wp-json\/wp\/v2\/media?parent=89"}],"curies":[{"name":"wp","href":"https:\/\/api.w.org\/{rel}","templated":true}]}}