{"id":71,"date":"2024-12-17T17:05:53","date_gmt":"2024-12-17T16:05:53","guid":{"rendered":"https:\/\/ubpbo.net\/procamqui\/?page_id=71"},"modified":"2024-12-20T18:11:16","modified_gmt":"2024-12-20T17:11:16","slug":"informacion-estadistica-bienes-y-servicios","status":"publish","type":"page","link":"https:\/\/ubpbo.net\/procamqui\/informacion-de-gestion\/informacion-estadistica-bienes-y-servicios\/","title":{"rendered":"Informaci\u00f3n Estad\u00edstica Bienes y Servicios"},"content":{"rendered":"\t\t<div data-elementor-type=\"wp-page\" data-elementor-id=\"71\" class=\"elementor elementor-71\" data-elementor-settings=\"{&quot;ha_cmc_init_switcher&quot;:&quot;no&quot;}\" data-elementor-post-type=\"page\">\n\t\t\t\t<div class=\"elementor-element elementor-element-5c68a48 e-flex e-con-boxed e-con e-parent\" data-id=\"5c68a48\" data-element_type=\"container\" data-settings=\"{&quot;background_background&quot;:&quot;classic&quot;,&quot;_ha_eqh_enable&quot;:false}\">\n\t\t\t\t\t<div class=\"e-con-inner\">\n\t\t\t\t\t<\/div>\n\t\t\t\t<\/div>\n\t\t<div class=\"elementor-element elementor-element-dd04866 e-con-full e-flex e-con e-parent\" data-id=\"dd04866\" data-element_type=\"container\" data-settings=\"{&quot;_ha_eqh_enable&quot;:false}\">\n\t\t<div class=\"elementor-element elementor-element-efc3a3a e-con-full e-flex e-con e-child\" data-id=\"efc3a3a\" data-element_type=\"container\" data-settings=\"{&quot;sticky&quot;:&quot;top&quot;,&quot;_ha_eqh_enable&quot;:false,&quot;sticky_on&quot;:[&quot;desktop&quot;,&quot;tablet&quot;,&quot;mobile&quot;],&quot;sticky_offset&quot;:0,&quot;sticky_effects_offset&quot;:0,&quot;sticky_anchor_link_offset&quot;:0}\">\n\t\t\t\t<div class=\"elementor-element elementor-element-86633f6 elementor-align-right elementor-icon-list--layout-traditional elementor-list-item-link-full_width elementor-widget elementor-widget-icon-list\" data-id=\"86633f6\" data-element_type=\"widget\" data-widget_type=\"icon-list.default\">\n\t\t\t\t<div class=\"elementor-widget-container\">\n\t\t\t\t\t\t\t<ul class=\"elementor-icon-list-items\">\n\t\t\t\t\t\t\t<li class=\"elementor-icon-list-item\">\n\t\t\t\t\t\t\t\t\t\t\t<a href=\"https:\/\/ubpbo.net\/procamqui\/informacion-de-gestion\/memoria-institucional\/\">\n\n\t\t\t\t\t\t\t\t\t\t\t<span class=\"elementor-icon-list-text\">Memoria Institucional<\/span>\n\t\t\t\t\t\t\t\t\t\t\t<\/a>\n\t\t\t\t\t\t\t\t\t<\/li>\n\t\t\t\t\t\t\t\t<li class=\"elementor-icon-list-item\">\n\t\t\t\t\t\t\t\t\t\t\t<a href=\"https:\/\/ubpbo.net\/procamqui\/informacion-de-gestion\/banco-de-trabajos-investigativos\/\">\n\n\t\t\t\t\t\t\t\t\t\t\t<span class=\"elementor-icon-list-text\">Banco de Trabajos Investigativos<\/span>\n\t\t\t\t\t\t\t\t\t\t\t<\/a>\n\t\t\t\t\t\t\t\t\t<\/li>\n\t\t\t\t\t\t\t\t<li class=\"elementor-icon-list-item\">\n\t\t\t\t\t\t\t\t\t\t\t<a href=\"https:\/\/ubpbo.net\/procamqui\/informacion-de-gestion\/informes-viajes-al-exterior\/\">\n\n\t\t\t\t\t\t\t\t\t\t\t<span class=\"elementor-icon-list-text\">Informes Viajes al Exterior<\/span>\n\t\t\t\t\t\t\t\t\t\t\t<\/a>\n\t\t\t\t\t\t\t\t\t<\/li>\n\t\t\t\t\t\t\t\t<li class=\"elementor-icon-list-item\">\n\t\t\t\t\t\t\t\t\t\t\t<a href=\"https:\/\/ubpbo.net\/procamqui\/informacion-de-gestion\/medios-disponibles-para-acceso-a-la-informacion\/\">\n\n\t\t\t\t\t\t\t\t\t\t\t<span class=\"elementor-icon-list-text\">Medios Disponibles para Accesos a la Informaci\u00f3n<\/span>\n\t\t\t\t\t\t\t\t\t\t\t<\/a>\n\t\t\t\t\t\t\t\t\t<\/li>\n\t\t\t\t\t\t\t\t<li class=\"elementor-icon-list-item\">\n\t\t\t\t\t\t\t\t\t\t\t<a href=\"https:\/\/ubpbo.net\/procamqui\/informacion-de-gestion\/informacion-estadistica-bienes-y-servicios\/\">\n\n\t\t\t\t\t\t\t\t\t\t\t<span class=\"elementor-icon-list-text\">Informaci\u00f3n Estad\u00edstica Bienes y Servicios<\/span>\n\t\t\t\t\t\t\t\t\t\t\t<\/a>\n\t\t\t\t\t\t\t\t\t<\/li>\n\t\t\t\t\t\t<\/ul>\n\t\t\t\t\t\t<\/div>\n\t\t\t\t<\/div>\n\t\t\t\t<\/div>\n\t\t<div class=\"elementor-element elementor-element-70402c3 e-con-full e-flex e-con e-child\" data-id=\"70402c3\" data-element_type=\"container\" data-settings=\"{&quot;_ha_eqh_enable&quot;:false}\">\n\t\t\t\t<div class=\"elementor-element elementor-element-01b3ffe elementor-widget elementor-widget-heading\" data-id=\"01b3ffe\" data-element_type=\"widget\" data-widget_type=\"heading.default\">\n\t\t\t\t<div class=\"elementor-widget-container\">\n\t\t\t\t\t<h2 class=\"elementor-heading-title elementor-size-default\">Informes Bienes &amp; Servicios<\/h2>\t\t\t\t<\/div>\n\t\t\t\t<\/div>\n\t\t\t\t<div class=\"elementor-element elementor-element-6fb6ce3 elementor-widget-divider--view-line elementor-widget elementor-widget-divider\" data-id=\"6fb6ce3\" data-element_type=\"widget\" data-widget_type=\"divider.default\">\n\t\t\t\t<div class=\"elementor-widget-container\">\n\t\t\t\t\t\t\t<div class=\"elementor-divider\">\n\t\t\t<span class=\"elementor-divider-separator\">\n\t\t\t\t\t\t<\/span>\n\t\t<\/div>\n\t\t\t\t\t\t<\/div>\n\t\t\t\t<\/div>\n\t\t\t\t<div class=\"elementor-element elementor-element-6ebb95c elementor-widget elementor-widget-text-editor\" data-id=\"6ebb95c\" data-element_type=\"widget\" data-widget_type=\"text-editor.default\">\n\t\t\t\t<div class=\"elementor-widget-container\">\n\t\t\t\t\t\t\t\t\t<p>En esta secci\u00f3n se presenta la informaci\u00f3n estad\u00edstica relacionada con los bienes y servicios que PROCAMQUI promueve y gestiona. Aqu\u00ed podr\u00e1s encontrar datos actualizados sobre la producci\u00f3n, distribuci\u00f3n y comercializaci\u00f3n de cam\u00e9lidos y granos andinos, as\u00ed como las principales actividades y servicios que beneficiaron a nuestras comunidades.<\/p><p>Las estad\u00edsticas incluyen indicadores clave que nos permiten medir el impacto de nuestras acciones, evaluar el rendimiento de nuestras iniciativas y tomar decisiones informadas para optimizar nuestros procesos. Esta informaci\u00f3n es fundamental para los productores, investigadores y cualquier interesado en conocer el estado y evoluci\u00f3n de los bienes y servicios que ofrecemos.<\/p><p>Consulta las estad\u00edsticas de bienes y servicios para obtener una visi\u00f3n clara del desarrollo y los logros alcanzados en nuestras \u00e1reas de trabajo.<\/p>\t\t\t\t\t\t\t\t<\/div>\n\t\t\t\t<\/div>\n\t\t\t\t<div class=\"elementor-element elementor-element-163d9f3 ha-column-alignment-left ha-row-icon-top ha-column-alignment-left ha-column-icon-right ha-row-alignment-left elementor-widget elementor-widget-ha-data-table happy-addon ha-data-table\" data-id=\"163d9f3\" data-element_type=\"widget\" data-widget_type=\"ha-data-table.default\">\n\t\t\t\t<div class=\"elementor-widget-container\">\n\t\t\t\t\t\n\t\t<table class=\"ha-table\">\n\t\t\t<thead class=\"ha-table__head\">\n\t\t\t\t<tr class=\"ha-table__head-column\">\n\t\t\t\t\t\t\t\t\t\t\t<th class=\"ha-table__head-column-cell elementor-repeater-item-f08ad89\">\n\t\t\t\t\t\t\t<div class=\"ha-table__head-column-cell-wrap\">\n\t\t\t\t\t\t\t\t<div class=\"ha-table__head-column-cell-text\">Informe<\/div>\n\t\t\t\t\t\t\t\t\t\n\t\t\t\t\t\t\t\t\t\t\t\t\t\t\t\t<\/div>\n\t\t\t\t\t\t<\/th>\n\t\t\t\t\t\t\t\t\t\t\t<th class=\"ha-table__head-column-cell elementor-repeater-item-253994d\">\n\t\t\t\t\t\t\t<div class=\"ha-table__head-column-cell-wrap\">\n\t\t\t\t\t\t\t\t<div class=\"ha-table__head-column-cell-text\">Descarga<\/div>\n\t\t\t\t\t\t\t\t\t\t\t\t\t\t\t\t\t\t\t<div class=\"ha-table__head-column-cell-icon\">\n\t\t\t\t\t\t\t\t\t\t\t<svg class=\"e-font-icon-svg e-far-arrow-alt-circle-down\" viewBox=\"0 0 512 512\" xmlns=\"http:\/\/www.w3.org\/2000\/svg\"><path d=\"M256 8C119 8 8 119 8 256s111 248 248 248 248-111 248-248S393 8 256 8zm0 448c-110.5 0-200-89.5-200-200S145.5 56 256 56s200 89.5 200 200-89.5 200-200 200zm-32-316v116h-67c-10.7 0-16 12.9-8.5 20.5l99 99c4.7 4.7 12.3 4.7 17 0l99-99c7.6-7.6 2.2-20.5-8.5-20.5h-67V140c0-6.6-5.4-12-12-12h-40c-6.6 0-12 5.4-12 12z\"><\/path><\/svg>\t\t\t\t\t\t\t\t\t\t<\/div>\n\t\t\t\t\t\t\t\t\t\n\t\t\t\t\t\t\t\t\t\t\t\t\t\t\t\t<\/div>\n\t\t\t\t\t\t<\/th>\n\t\t\t\t\t\t\t\t\t<\/tr>\n\t\t\t<\/thead>\n\n\t\t\t<tbody class=\"ha-table__body\">\n\t\t\t\t\t\t\t\t\t<tr class=\"ha-table__body-row\">\n\t\t\t\t\t\t\t\t\t\t\t\t\t\t<td class=\"ha-table__body-row-cell elementor-repeater-item-3fd5c9a\">\n\t\t\t\t\t\t\t\t\t<div class=\"ha-table__body-row-cell-wrap\">\n\t\t\t\t\t\t\t\t\t\t<div class=\"ha-table__body-row-cell-text\">\n\t\t\t\t\t\t\t\t\t\t\tInforme Estad\u00edstico Bienes y Servicios\t\t\t\t\t\t\t\t\t\t<\/div>\n\n\t\t\t\t\t\t\t\t\t\t\n\t\t\t\t\t\t\t\t\t\t\t\t\t\t\t\t\t\t\t<\/div>\n\t\t\t\t\t\t\t\t<\/td>\n\t\t\t\t\t\t\t\t\t\t\t\t\t\t\t<td class=\"ha-table__body-row-cell elementor-repeater-item-bc9dedb\">\n\t\t\t\t\t\t\t\t\t<div class=\"ha-table__body-row-cell-wrap\">\n\t\t\t\t\t\t\t\t\t\t<div class=\"ha-table__body-row-cell-text\">\n\t\t\t\t\t\t\t\t\t\t\t\t\t\t\t\t\t\t\t\t\t\t\t<a href=\"#\">\n\t\t\t\t\t\t\t\t\t\t\t\t \tDescarga\t\t\t\t\t\t\t\t\t\t\t\t<\/a>\n\t\t\t\t\t\t\t\t\t\t\t\t\t\t\t\t\t\t\t\t\t<\/div>\n\n\t\t\t\t\t\t\t\t\t\t\n\t\t\t\t\t\t\t\t\t\t\t\t\t\t\t\t\t\t\t<\/div>\n\t\t\t\t\t\t\t\t<\/td>\n\t\t\t\t\t\t\t\t\t\t\t\t<\/tr>\n\t\t\t\t\t\t\t<\/tbody>\n\t\t<\/table>\n\n\t\t\t\t\t\t<\/div>\n\t\t\t\t<\/div>\n\t\t\t\t<\/div>\n\t\t\t\t<\/div>\n\t\t\t\t<\/div>\n\t\t","protected":false},"excerpt":{"rendered":"<p>Memoria Institucional Banco de Trabajos Investigativos Informes Viajes al Exterior Medios Disponibles para Accesos a la Informaci\u00f3n Informaci\u00f3n Estad\u00edstica Bienes y Servicios Informes Bienes &amp; Servicios En esta secci\u00f3n se presenta la informaci\u00f3n estad\u00edstica relacionada con los bienes y servicios que PROCAMQUI promueve y gestiona. Aqu\u00ed podr\u00e1s encontrar datos actualizados sobre la producci\u00f3n, distribuci\u00f3n y [&hellip;]<\/p>\n","protected":false},"author":1,"featured_media":0,"parent":61,"menu_order":5,"comment_status":"closed","ping_status":"closed","template":"elementor_header_footer","meta":{"footnotes":""},"class_list":["post-71","page","type-page","status-publish","hentry"],"_links":{"self":[{"href":"https:\/\/ubpbo.net\/procamqui\/wp-json\/wp\/v2\/pages\/71","targetHints":{"allow":["GET"]}}],"collection":[{"href":"https:\/\/ubpbo.net\/procamqui\/wp-json\/wp\/v2\/pages"}],"about":[{"href":"https:\/\/ubpbo.net\/procamqui\/wp-json\/wp\/v2\/types\/page"}],"author":[{"embeddable":true,"href":"https:\/\/ubpbo.net\/procamqui\/wp-json\/wp\/v2\/users\/1"}],"replies":[{"embeddable":true,"href":"https:\/\/ubpbo.net\/procamqui\/wp-json\/wp\/v2\/comments?post=71"}],"version-history":[{"count":4,"href":"https:\/\/ubpbo.net\/procamqui\/wp-json\/wp\/v2\/pages\/71\/revisions"}],"predecessor-version":[{"id":370,"href":"https:\/\/ubpbo.net\/procamqui\/wp-json\/wp\/v2\/pages\/71\/revisions\/370"}],"up":[{"embeddable":true,"href":"https:\/\/ubpbo.net\/procamqui\/wp-json\/wp\/v2\/pages\/61"}],"wp:attachment":[{"href":"https:\/\/ubpbo.net\/procamqui\/wp-json\/wp\/v2\/media?parent=71"}],"curies":[{"name":"wp","href":"https:\/\/api.w.org\/{rel}","templated":true}]}}