{"id":54,"date":"2024-12-17T16:55:35","date_gmt":"2024-12-17T15:55:35","guid":{"rendered":"https:\/\/ubpbo.net\/procamqui\/?page_id=54"},"modified":"2024-12-20T17:50:33","modified_gmt":"2024-12-20T16:50:33","slug":"fuentes-de-financiamiento","status":"publish","type":"page","link":"https:\/\/ubpbo.net\/procamqui\/area-financiera\/fuentes-de-financiamiento\/","title":{"rendered":"Fuentes de Financiamiento"},"content":{"rendered":"\t\t<div data-elementor-type=\"wp-page\" data-elementor-id=\"54\" class=\"elementor elementor-54\" data-elementor-settings=\"{&quot;ha_cmc_init_switcher&quot;:&quot;no&quot;}\" data-elementor-post-type=\"page\">\n\t\t\t\t<div class=\"elementor-element elementor-element-40a0877 e-flex e-con-boxed e-con e-parent\" data-id=\"40a0877\" data-element_type=\"container\" data-settings=\"{&quot;background_background&quot;:&quot;classic&quot;,&quot;_ha_eqh_enable&quot;:false}\">\n\t\t\t\t\t<div class=\"e-con-inner\">\n\t\t\t\t\t<\/div>\n\t\t\t\t<\/div>\n\t\t<div class=\"elementor-element elementor-element-d9ebff9 e-con-full e-flex e-con e-parent\" data-id=\"d9ebff9\" data-element_type=\"container\" data-settings=\"{&quot;_ha_eqh_enable&quot;:false}\">\n\t\t<div class=\"elementor-element elementor-element-b55c053 e-con-full e-flex e-con e-child\" data-id=\"b55c053\" data-element_type=\"container\" data-settings=\"{&quot;sticky&quot;:&quot;top&quot;,&quot;_ha_eqh_enable&quot;:false,&quot;sticky_on&quot;:[&quot;desktop&quot;,&quot;tablet&quot;,&quot;mobile&quot;],&quot;sticky_offset&quot;:0,&quot;sticky_effects_offset&quot;:0,&quot;sticky_anchor_link_offset&quot;:0}\">\n\t\t\t\t<div class=\"elementor-element elementor-element-a501259 elementor-align-right elementor-icon-list--layout-traditional elementor-list-item-link-full_width elementor-widget elementor-widget-icon-list\" data-id=\"a501259\" data-element_type=\"widget\" data-widget_type=\"icon-list.default\">\n\t\t\t\t<div class=\"elementor-widget-container\">\n\t\t\t\t\t\t\t<ul class=\"elementor-icon-list-items\">\n\t\t\t\t\t\t\t<li class=\"elementor-icon-list-item\">\n\t\t\t\t\t\t\t\t\t\t\t<a href=\"https:\/\/ubpbo.net\/procamqui\/area-financiera\/presupuestos-y-ejecucion\/\">\n\n\t\t\t\t\t\t\t\t\t\t\t<span class=\"elementor-icon-list-text\">Presupuestos y Ejecuci\u00f3n<\/span>\n\t\t\t\t\t\t\t\t\t\t\t<\/a>\n\t\t\t\t\t\t\t\t\t<\/li>\n\t\t\t\t\t\t\t\t<li class=\"elementor-icon-list-item\">\n\t\t\t\t\t\t\t\t\t\t\t<a href=\"https:\/\/ubpbo.net\/procamqui\/area-financiera\/fuentes-de-financiamiento\/\">\n\n\t\t\t\t\t\t\t\t\t\t\t<span class=\"elementor-icon-list-text\">Fuentes de Financiamiento<\/span>\n\t\t\t\t\t\t\t\t\t\t\t<\/a>\n\t\t\t\t\t\t\t\t\t<\/li>\n\t\t\t\t\t\t\t\t<li class=\"elementor-icon-list-item\">\n\t\t\t\t\t\t\t\t\t\t\t<a href=\"https:\/\/ubpbo.net\/procamqui\/area-financiera\/nomina-de-proveedores\/\">\n\n\t\t\t\t\t\t\t\t\t\t\t<span class=\"elementor-icon-list-text\">N\u00f3mina de Proveedores<\/span>\n\t\t\t\t\t\t\t\t\t\t\t<\/a>\n\t\t\t\t\t\t\t\t\t<\/li>\n\t\t\t\t\t\t<\/ul>\n\t\t\t\t\t\t<\/div>\n\t\t\t\t<\/div>\n\t\t\t\t<\/div>\n\t\t<div class=\"elementor-element elementor-element-1787940 e-con-full e-flex e-con e-child\" data-id=\"1787940\" data-element_type=\"container\" data-settings=\"{&quot;_ha_eqh_enable&quot;:false}\">\n\t\t\t\t<div class=\"elementor-element elementor-element-274d792 elementor-widget elementor-widget-heading\" data-id=\"274d792\" data-element_type=\"widget\" data-widget_type=\"heading.default\">\n\t\t\t\t<div class=\"elementor-widget-container\">\n\t\t\t\t\t<h2 class=\"elementor-heading-title elementor-size-default\">Fuentes de Financiamiento PROCAMQUI<\/h2>\t\t\t\t<\/div>\n\t\t\t\t<\/div>\n\t\t\t\t<div class=\"elementor-element elementor-element-b9f0651 elementor-widget-divider--view-line elementor-widget elementor-widget-divider\" data-id=\"b9f0651\" data-element_type=\"widget\" data-widget_type=\"divider.default\">\n\t\t\t\t<div class=\"elementor-widget-container\">\n\t\t\t\t\t\t\t<div class=\"elementor-divider\">\n\t\t\t<span class=\"elementor-divider-separator\">\n\t\t\t\t\t\t<\/span>\n\t\t<\/div>\n\t\t\t\t\t\t<\/div>\n\t\t\t\t<\/div>\n\t\t\t\t<div class=\"elementor-element elementor-element-98644c0 elementor-widget elementor-widget-text-editor\" data-id=\"98644c0\" data-element_type=\"widget\" data-widget_type=\"text-editor.default\">\n\t\t\t\t<div class=\"elementor-widget-container\">\n\t\t\t\t\t\t\t\t\t<p>En esta secci\u00f3n se detallan las fuentes de financiamiento que respaldan las actividades y proyectos de PROCAMQUI. Estos recursos provienen de diversas entidades nacionales e internacionales, alianzas estrat\u00e9gicas, y contribuciones que apoyan nuestra misi\u00f3n de fortalecer la producci\u00f3n de cam\u00e9lidos y granos andinos.<\/p><p>Las fuentes de financiamiento son fundamentales para implementar iniciativas que beneficien a nuestras comunidades, promuevan la sostenibilidad y aseguren el desarrollo integral de nuestras operaciones.<\/p><p>Conoce m\u00e1s sobre los aliados que hacen posible nuestro trabajo y las v\u00edas de financiamiento que impulsan el crecimiento de PROCAMQUI.<\/p>\t\t\t\t\t\t\t\t<\/div>\n\t\t\t\t<\/div>\n\t\t\t\t<div class=\"elementor-element elementor-element-efcd439 ha-column-alignment-left ha-row-icon-top ha-column-alignment-left ha-column-icon-right ha-row-alignment-left elementor-widget elementor-widget-ha-data-table happy-addon ha-data-table\" data-id=\"efcd439\" data-element_type=\"widget\" data-widget_type=\"ha-data-table.default\">\n\t\t\t\t<div class=\"elementor-widget-container\">\n\t\t\t\t\t\n\t\t<table class=\"ha-table\">\n\t\t\t<thead class=\"ha-table__head\">\n\t\t\t\t<tr class=\"ha-table__head-column\">\n\t\t\t\t\t\t\t\t\t\t\t<th class=\"ha-table__head-column-cell elementor-repeater-item-f08ad89\">\n\t\t\t\t\t\t\t<div class=\"ha-table__head-column-cell-wrap\">\n\t\t\t\t\t\t\t\t<div class=\"ha-table__head-column-cell-text\">Documento<\/div>\n\t\t\t\t\t\t\t\t\t\n\t\t\t\t\t\t\t\t\t\t\t\t\t\t\t\t<\/div>\n\t\t\t\t\t\t<\/th>\n\t\t\t\t\t\t\t\t\t\t\t<th class=\"ha-table__head-column-cell elementor-repeater-item-f5d2dce\">\n\t\t\t\t\t\t\t<div class=\"ha-table__head-column-cell-wrap\">\n\t\t\t\t\t\t\t\t<div class=\"ha-table__head-column-cell-text\">Descarga <\/div>\n\t\t\t\t\t\t\t\t\t\t\t\t\t\t\t\t\t\t\t<div class=\"ha-table__head-column-cell-icon\">\n\t\t\t\t\t\t\t\t\t\t\t<svg class=\"e-font-icon-svg e-far-arrow-alt-circle-down\" viewBox=\"0 0 512 512\" xmlns=\"http:\/\/www.w3.org\/2000\/svg\"><path d=\"M256 8C119 8 8 119 8 256s111 248 248 248 248-111 248-248S393 8 256 8zm0 448c-110.5 0-200-89.5-200-200S145.5 56 256 56s200 89.5 200 200-89.5 200-200 200zm-32-316v116h-67c-10.7 0-16 12.9-8.5 20.5l99 99c4.7 4.7 12.3 4.7 17 0l99-99c7.6-7.6 2.2-20.5-8.5-20.5h-67V140c0-6.6-5.4-12-12-12h-40c-6.6 0-12 5.4-12 12z\"><\/path><\/svg>\t\t\t\t\t\t\t\t\t\t<\/div>\n\t\t\t\t\t\t\t\t\t\n\t\t\t\t\t\t\t\t\t\t\t\t\t\t\t\t<\/div>\n\t\t\t\t\t\t<\/th>\n\t\t\t\t\t\t\t\t\t<\/tr>\n\t\t\t<\/thead>\n\n\t\t\t<tbody class=\"ha-table__body\">\n\t\t\t\t\t\t\t\t\t<tr class=\"ha-table__body-row\">\n\t\t\t\t\t\t\t\t\t\t\t\t\t\t<td class=\"ha-table__body-row-cell elementor-repeater-item-3fd5c9a\">\n\t\t\t\t\t\t\t\t\t<div class=\"ha-table__body-row-cell-wrap\">\n\t\t\t\t\t\t\t\t\t\t<div class=\"ha-table__body-row-cell-text\">\n\t\t\t\t\t\t\t\t\t\t\tFuentes de Financiamiento\t\t\t\t\t\t\t\t\t\t<\/div>\n\n\t\t\t\t\t\t\t\t\t\t\n\t\t\t\t\t\t\t\t\t\t\t\t\t\t\t\t\t\t\t<\/div>\n\t\t\t\t\t\t\t\t<\/td>\n\t\t\t\t\t\t\t\t\t\t\t\t\t\t\t<td class=\"ha-table__body-row-cell elementor-repeater-item-4a0af62\">\n\t\t\t\t\t\t\t\t\t<div class=\"ha-table__body-row-cell-wrap\">\n\t\t\t\t\t\t\t\t\t\t<div class=\"ha-table__body-row-cell-text\">\n\t\t\t\t\t\t\t\t\t\t\t\t\t\t\t\t\t\t\t\t\t\t\t<a href=\"#\">\n\t\t\t\t\t\t\t\t\t\t\t\t \tDescarga\t\t\t\t\t\t\t\t\t\t\t\t<\/a>\n\t\t\t\t\t\t\t\t\t\t\t\t\t\t\t\t\t\t\t\t\t<\/div>\n\n\t\t\t\t\t\t\t\t\t\t\n\t\t\t\t\t\t\t\t\t\t\t\t\t\t\t\t\t\t\t<\/div>\n\t\t\t\t\t\t\t\t<\/td>\n\t\t\t\t\t\t\t\t\t\t\t\t<\/tr>\n\t\t\t\t\t\t\t<\/tbody>\n\t\t<\/table>\n\n\t\t\t\t\t\t<\/div>\n\t\t\t\t<\/div>\n\t\t\t\t<\/div>\n\t\t\t\t<\/div>\n\t\t\t\t<\/div>\n\t\t","protected":false},"excerpt":{"rendered":"<p>Presupuestos y Ejecuci\u00f3n Fuentes de Financiamiento N\u00f3mina de Proveedores Fuentes de Financiamiento PROCAMQUI En esta secci\u00f3n se detallan las fuentes de financiamiento que respaldan las actividades y proyectos de PROCAMQUI. Estos recursos provienen de diversas entidades nacionales e internacionales, alianzas estrat\u00e9gicas, y contribuciones que apoyan nuestra misi\u00f3n de fortalecer la producci\u00f3n de cam\u00e9lidos y granos [&hellip;]<\/p>\n","protected":false},"author":1,"featured_media":0,"parent":50,"menu_order":2,"comment_status":"closed","ping_status":"closed","template":"elementor_header_footer","meta":{"footnotes":""},"class_list":["post-54","page","type-page","status-publish","hentry"],"_links":{"self":[{"href":"https:\/\/ubpbo.net\/procamqui\/wp-json\/wp\/v2\/pages\/54","targetHints":{"allow":["GET"]}}],"collection":[{"href":"https:\/\/ubpbo.net\/procamqui\/wp-json\/wp\/v2\/pages"}],"about":[{"href":"https:\/\/ubpbo.net\/procamqui\/wp-json\/wp\/v2\/types\/page"}],"author":[{"embeddable":true,"href":"https:\/\/ubpbo.net\/procamqui\/wp-json\/wp\/v2\/users\/1"}],"replies":[{"embeddable":true,"href":"https:\/\/ubpbo.net\/procamqui\/wp-json\/wp\/v2\/comments?post=54"}],"version-history":[{"count":4,"href":"https:\/\/ubpbo.net\/procamqui\/wp-json\/wp\/v2\/pages\/54\/revisions"}],"predecessor-version":[{"id":343,"href":"https:\/\/ubpbo.net\/procamqui\/wp-json\/wp\/v2\/pages\/54\/revisions\/343"}],"up":[{"embeddable":true,"href":"https:\/\/ubpbo.net\/procamqui\/wp-json\/wp\/v2\/pages\/50"}],"wp:attachment":[{"href":"https:\/\/ubpbo.net\/procamqui\/wp-json\/wp\/v2\/media?parent=54"}],"curies":[{"name":"wp","href":"https:\/\/api.w.org\/{rel}","templated":true}]}}