{"id":37,"date":"2024-12-17T16:45:57","date_gmt":"2024-12-17T15:45:57","guid":{"rendered":"https:\/\/ubpbo.net\/procamqui\/?page_id=37"},"modified":"2024-12-20T17:13:53","modified_gmt":"2024-12-20T16:13:53","slug":"organigrama","status":"publish","type":"page","link":"https:\/\/ubpbo.net\/procamqui\/nosotros\/organigrama\/","title":{"rendered":"Organigrama"},"content":{"rendered":"\t\t<div data-elementor-type=\"wp-page\" data-elementor-id=\"37\" class=\"elementor elementor-37\" data-elementor-settings=\"{&quot;ha_cmc_init_switcher&quot;:&quot;no&quot;}\" data-elementor-post-type=\"page\">\n\t\t\t\t<div class=\"elementor-element elementor-element-78ff118 e-flex e-con-boxed e-con e-parent\" data-id=\"78ff118\" data-element_type=\"container\" data-settings=\"{&quot;background_background&quot;:&quot;classic&quot;,&quot;_ha_eqh_enable&quot;:false}\">\n\t\t\t\t\t<div class=\"e-con-inner\">\n\t\t\t\t\t<\/div>\n\t\t\t\t<\/div>\n\t\t<div class=\"elementor-element elementor-element-8634256 e-con-full e-flex e-con e-parent\" data-id=\"8634256\" data-element_type=\"container\" data-settings=\"{&quot;_ha_eqh_enable&quot;:false}\">\n\t\t<div class=\"elementor-element elementor-element-91988e0 e-con-full e-flex e-con e-child\" data-id=\"91988e0\" data-element_type=\"container\" data-settings=\"{&quot;sticky&quot;:&quot;top&quot;,&quot;_ha_eqh_enable&quot;:false,&quot;sticky_on&quot;:[&quot;desktop&quot;,&quot;tablet&quot;,&quot;mobile&quot;],&quot;sticky_offset&quot;:0,&quot;sticky_effects_offset&quot;:0,&quot;sticky_anchor_link_offset&quot;:0}\">\n\t\t\t\t<div class=\"elementor-element elementor-element-9f3c971 elementor-align-right elementor-icon-list--layout-traditional elementor-list-item-link-full_width elementor-widget elementor-widget-icon-list\" data-id=\"9f3c971\" data-element_type=\"widget\" data-widget_type=\"icon-list.default\">\n\t\t\t\t<div class=\"elementor-widget-container\">\n\t\t\t\t\t\t\t<ul class=\"elementor-icon-list-items\">\n\t\t\t\t\t\t\t<li class=\"elementor-icon-list-item\">\n\t\t\t\t\t\t\t\t\t\t\t<a href=\"https:\/\/ubpbo.net\/procamqui\/nosotros\/manuales-de-funciones\/\">\n\n\t\t\t\t\t\t\t\t\t\t\t<span class=\"elementor-icon-list-text\">Manuales de Funciones<\/span>\n\t\t\t\t\t\t\t\t\t\t\t<\/a>\n\t\t\t\t\t\t\t\t\t<\/li>\n\t\t\t\t\t\t\t\t<li class=\"elementor-icon-list-item\">\n\t\t\t\t\t\t\t\t\t\t\t<a href=\"https:\/\/ubpbo.net\/procamqui\/nosotros\/autoridades\/\">\n\n\t\t\t\t\t\t\t\t\t\t\t<span class=\"elementor-icon-list-text\">Autoridad<\/span>\n\t\t\t\t\t\t\t\t\t\t\t<\/a>\n\t\t\t\t\t\t\t\t\t<\/li>\n\t\t\t\t\t\t\t\t<li class=\"elementor-icon-list-item\">\n\t\t\t\t\t\t\t\t\t\t\t<a href=\"https:\/\/ubpbo.net\/procamqui\/nosotros\/personal\/\">\n\n\t\t\t\t\t\t\t\t\t\t\t<span class=\"elementor-icon-list-text\">Personal<\/span>\n\t\t\t\t\t\t\t\t\t\t\t<\/a>\n\t\t\t\t\t\t\t\t\t<\/li>\n\t\t\t\t\t\t\t\t<li class=\"elementor-icon-list-item\">\n\t\t\t\t\t\t\t\t\t\t\t<a href=\"https:\/\/ubpbo.net\/procamqui\/nosotros\/convocatorias\/\">\n\n\t\t\t\t\t\t\t\t\t\t\t<span class=\"elementor-icon-list-text\">Convocatorias<\/span>\n\t\t\t\t\t\t\t\t\t\t\t<\/a>\n\t\t\t\t\t\t\t\t\t<\/li>\n\t\t\t\t\t\t\t\t<li class=\"elementor-icon-list-item\">\n\t\t\t\t\t\t\t\t\t\t\t<a href=\"https:\/\/ubpbo.net\/procamqui\/nosotros\/escala-salarial\/\">\n\n\t\t\t\t\t\t\t\t\t\t\t<span class=\"elementor-icon-list-text\">Escala Salarial<\/span>\n\t\t\t\t\t\t\t\t\t\t\t<\/a>\n\t\t\t\t\t\t\t\t\t<\/li>\n\t\t\t\t\t\t\t\t<li class=\"elementor-icon-list-item\">\n\t\t\t\t\t\t\t\t\t\t\t<a href=\"https:\/\/ubpbo.net\/procamqui\/nosotros\/organigrama\/\">\n\n\t\t\t\t\t\t\t\t\t\t\t<span class=\"elementor-icon-list-text\">Organigrama<\/span>\n\t\t\t\t\t\t\t\t\t\t\t<\/a>\n\t\t\t\t\t\t\t\t\t<\/li>\n\t\t\t\t\t\t\t\t<li class=\"elementor-icon-list-item\">\n\t\t\t\t\t\t\t\t\t\t\t<a href=\"https:\/\/ubpbo.net\/procamqui\/nosotros\/terminos-de-referencia\/\">\n\n\t\t\t\t\t\t\t\t\t\t\t<span class=\"elementor-icon-list-text\">T\u00e9rminos de Referencia<\/span>\n\t\t\t\t\t\t\t\t\t\t\t<\/a>\n\t\t\t\t\t\t\t\t\t<\/li>\n\t\t\t\t\t\t<\/ul>\n\t\t\t\t\t\t<\/div>\n\t\t\t\t<\/div>\n\t\t\t\t<\/div>\n\t\t<div class=\"elementor-element elementor-element-279cd45 e-con-full e-flex e-con e-child\" data-id=\"279cd45\" data-element_type=\"container\" data-settings=\"{&quot;_ha_eqh_enable&quot;:false}\">\n\t\t\t\t<div class=\"elementor-element elementor-element-fd07be8 elementor-widget elementor-widget-heading\" data-id=\"fd07be8\" data-element_type=\"widget\" data-widget_type=\"heading.default\">\n\t\t\t\t<div class=\"elementor-widget-container\">\n\t\t\t\t\t<h2 class=\"elementor-heading-title elementor-size-default\">Organigrama PROCAMQUI<\/h2>\t\t\t\t<\/div>\n\t\t\t\t<\/div>\n\t\t\t\t<div class=\"elementor-element elementor-element-4ed2712 elementor-widget-divider--view-line elementor-widget elementor-widget-divider\" data-id=\"4ed2712\" data-element_type=\"widget\" data-widget_type=\"divider.default\">\n\t\t\t\t<div class=\"elementor-widget-container\">\n\t\t\t\t\t\t\t<div class=\"elementor-divider\">\n\t\t\t<span class=\"elementor-divider-separator\">\n\t\t\t\t\t\t<\/span>\n\t\t<\/div>\n\t\t\t\t\t\t<\/div>\n\t\t\t\t<\/div>\n\t\t\t\t<div class=\"elementor-element elementor-element-19ebabd elementor-widget elementor-widget-text-editor\" data-id=\"19ebabd\" data-element_type=\"widget\" data-widget_type=\"text-editor.default\">\n\t\t\t\t<div class=\"elementor-widget-container\">\n\t\t\t\t\t\t\t\t\t<p>En esta secci\u00f3n se presenta el organigrama de PROCAMQUI, una representaci\u00f3n clara de la estructura organizacional que gu\u00eda nuestras operaciones. Este esquema refleja las distintas \u00e1reas y niveles jer\u00e1rquicos, destacando la colaboraci\u00f3n y el compromiso de cada equipo en el cumplimiento de nuestra misi\u00f3n.<\/p><p>El organigrama permite identificar las responsabilidades y funciones clave dentro de nuestra entidad, promoviendo la transparencia y facilitando la comunicaci\u00f3n entre todas las partes involucradas.<\/p>\t\t\t\t\t\t\t\t<\/div>\n\t\t\t\t<\/div>\n\t\t\t\t<div class=\"elementor-element elementor-element-be1c020 elementor-widget elementor-widget-heading\" data-id=\"be1c020\" data-element_type=\"widget\" data-widget_type=\"heading.default\">\n\t\t\t\t<div class=\"elementor-widget-container\">\n\t\t\t\t\t<h2 class=\"elementor-heading-title elementor-size-default\">INSERTAMOS IMAGEN DEL ORGANIGRAMA<\/h2>\t\t\t\t<\/div>\n\t\t\t\t<\/div>\n\t\t\t\t<\/div>\n\t\t\t\t<\/div>\n\t\t\t\t<\/div>\n\t\t","protected":false},"excerpt":{"rendered":"<p>Manuales de Funciones Autoridad Personal Convocatorias Escala Salarial Organigrama T\u00e9rminos de Referencia Organigrama PROCAMQUI En esta secci\u00f3n se presenta el organigrama de PROCAMQUI, una representaci\u00f3n clara de la estructura organizacional que gu\u00eda nuestras operaciones. Este esquema refleja las distintas \u00e1reas y niveles jer\u00e1rquicos, destacando la colaboraci\u00f3n y el compromiso de cada equipo en el cumplimiento [&hellip;]<\/p>\n","protected":false},"author":1,"featured_media":0,"parent":27,"menu_order":5,"comment_status":"closed","ping_status":"closed","template":"elementor_header_footer","meta":{"footnotes":""},"class_list":["post-37","page","type-page","status-publish","hentry"],"_links":{"self":[{"href":"https:\/\/ubpbo.net\/procamqui\/wp-json\/wp\/v2\/pages\/37","targetHints":{"allow":["GET"]}}],"collection":[{"href":"https:\/\/ubpbo.net\/procamqui\/wp-json\/wp\/v2\/pages"}],"about":[{"href":"https:\/\/ubpbo.net\/procamqui\/wp-json\/wp\/v2\/types\/page"}],"author":[{"embeddable":true,"href":"https:\/\/ubpbo.net\/procamqui\/wp-json\/wp\/v2\/users\/1"}],"replies":[{"embeddable":true,"href":"https:\/\/ubpbo.net\/procamqui\/wp-json\/wp\/v2\/comments?post=37"}],"version-history":[{"count":4,"href":"https:\/\/ubpbo.net\/procamqui\/wp-json\/wp\/v2\/pages\/37\/revisions"}],"predecessor-version":[{"id":301,"href":"https:\/\/ubpbo.net\/procamqui\/wp-json\/wp\/v2\/pages\/37\/revisions\/301"}],"up":[{"embeddable":true,"href":"https:\/\/ubpbo.net\/procamqui\/wp-json\/wp\/v2\/pages\/27"}],"wp:attachment":[{"href":"https:\/\/ubpbo.net\/procamqui\/wp-json\/wp\/v2\/media?parent=37"}],"curies":[{"name":"wp","href":"https:\/\/api.w.org\/{rel}","templated":true}]}}