{"id":20,"date":"2024-12-17T16:09:07","date_gmt":"2024-12-17T15:09:07","guid":{"rendered":"https:\/\/ubpbo.net\/procamqui\/?page_id=20"},"modified":"2024-12-20T16:13:37","modified_gmt":"2024-12-20T15:13:37","slug":"objetivos-institucionales","status":"publish","type":"page","link":"https:\/\/ubpbo.net\/procamqui\/datos-generales\/objetivos-institucionales\/","title":{"rendered":"Objetivos Institucionales"},"content":{"rendered":"\t\t<div data-elementor-type=\"wp-page\" data-elementor-id=\"20\" class=\"elementor elementor-20\" data-elementor-settings=\"{&quot;ha_cmc_init_switcher&quot;:&quot;no&quot;}\" data-elementor-post-type=\"page\">\n\t\t\t\t<div class=\"elementor-element elementor-element-bb18a14 e-flex e-con-boxed e-con e-parent\" data-id=\"bb18a14\" data-element_type=\"container\" data-settings=\"{&quot;background_background&quot;:&quot;classic&quot;,&quot;_ha_eqh_enable&quot;:false}\">\n\t\t\t\t\t<div class=\"e-con-inner\">\n\t\t\t\t\t<\/div>\n\t\t\t\t<\/div>\n\t\t<div class=\"elementor-element elementor-element-d10c079 e-con-full e-flex e-con e-parent\" data-id=\"d10c079\" data-element_type=\"container\" data-settings=\"{&quot;_ha_eqh_enable&quot;:false}\">\n\t\t<div class=\"elementor-element elementor-element-01a5673 e-con-full e-flex e-con e-child\" data-id=\"01a5673\" data-element_type=\"container\" data-settings=\"{&quot;sticky&quot;:&quot;top&quot;,&quot;_ha_eqh_enable&quot;:false,&quot;sticky_on&quot;:[&quot;desktop&quot;,&quot;tablet&quot;,&quot;mobile&quot;],&quot;sticky_offset&quot;:0,&quot;sticky_effects_offset&quot;:0,&quot;sticky_anchor_link_offset&quot;:0}\">\n\t\t\t\t<div class=\"elementor-element elementor-element-5ec3171 elementor-align-right elementor-icon-list--layout-traditional elementor-list-item-link-full_width elementor-widget elementor-widget-icon-list\" data-id=\"5ec3171\" data-element_type=\"widget\" data-widget_type=\"icon-list.default\">\n\t\t\t\t<div class=\"elementor-widget-container\">\n\t\t\t\t\t\t\t<ul class=\"elementor-icon-list-items\">\n\t\t\t\t\t\t\t<li class=\"elementor-icon-list-item\">\n\t\t\t\t\t\t\t\t\t\t\t<a href=\"https:\/\/ubpbo.net\/procamqui\/datos-generales\/descripcion-mision\/\">\n\n\t\t\t\t\t\t\t\t\t\t\t<span class=\"elementor-icon-list-text\">Descripci\u00f3n - Misi\u00f3n<\/span>\n\t\t\t\t\t\t\t\t\t\t\t<\/a>\n\t\t\t\t\t\t\t\t\t<\/li>\n\t\t\t\t\t\t\t\t<li class=\"elementor-icon-list-item\">\n\t\t\t\t\t\t\t\t\t\t\t<a href=\"https:\/\/ubpbo.net\/procamqui\/datos-generales\/vision\/\">\n\n\t\t\t\t\t\t\t\t\t\t\t<span class=\"elementor-icon-list-text\">Visi\u00f3n<\/span>\n\t\t\t\t\t\t\t\t\t\t\t<\/a>\n\t\t\t\t\t\t\t\t\t<\/li>\n\t\t\t\t\t\t\t\t<li class=\"elementor-icon-list-item\">\n\t\t\t\t\t\t\t\t\t\t\t<a href=\"https:\/\/ubpbo.net\/procamqui\/datos-generales\/objetivos-institucionales\/\">\n\n\t\t\t\t\t\t\t\t\t\t\t<span class=\"elementor-icon-list-text\">Objetivos Institucionales<\/span>\n\t\t\t\t\t\t\t\t\t\t\t<\/a>\n\t\t\t\t\t\t\t\t\t<\/li>\n\t\t\t\t\t\t<\/ul>\n\t\t\t\t\t\t<\/div>\n\t\t\t\t<\/div>\n\t\t\t\t<\/div>\n\t\t<div class=\"elementor-element elementor-element-c444473 e-con-full e-flex e-con e-child\" data-id=\"c444473\" data-element_type=\"container\" data-settings=\"{&quot;_ha_eqh_enable&quot;:false}\">\n\t\t\t\t<div class=\"elementor-element elementor-element-ea8004e elementor-widget elementor-widget-heading\" data-id=\"ea8004e\" data-element_type=\"widget\" data-widget_type=\"heading.default\">\n\t\t\t\t<div class=\"elementor-widget-container\">\n\t\t\t\t\t<h2 class=\"elementor-heading-title elementor-size-default\">Objetivos Institucionales<\/h2>\t\t\t\t<\/div>\n\t\t\t\t<\/div>\n\t\t\t\t<div class=\"elementor-element elementor-element-7e0276a elementor-widget-divider--view-line elementor-widget elementor-widget-divider\" data-id=\"7e0276a\" data-element_type=\"widget\" data-widget_type=\"divider.default\">\n\t\t\t\t<div class=\"elementor-widget-container\">\n\t\t\t\t\t\t\t<div class=\"elementor-divider\">\n\t\t\t<span class=\"elementor-divider-separator\">\n\t\t\t\t\t\t<\/span>\n\t\t<\/div>\n\t\t\t\t\t\t<\/div>\n\t\t\t\t<\/div>\n\t\t\t\t<\/div>\n\t\t\t\t<\/div>\n\t\t<div class=\"elementor-element elementor-element-d918e8f e-con-full e-flex e-con e-parent\" data-id=\"d918e8f\" data-element_type=\"container\" data-settings=\"{&quot;_ha_eqh_enable&quot;:false}\">\n\t\t<div class=\"elementor-element elementor-element-077c100 e-con-full e-flex e-con e-child\" data-id=\"077c100\" data-element_type=\"container\" data-settings=\"{&quot;sticky&quot;:&quot;top&quot;,&quot;_ha_eqh_enable&quot;:false,&quot;sticky_on&quot;:[&quot;desktop&quot;,&quot;tablet&quot;,&quot;mobile&quot;],&quot;sticky_offset&quot;:0,&quot;sticky_effects_offset&quot;:0,&quot;sticky_anchor_link_offset&quot;:0}\">\n\t\t\t\t<\/div>\n\t\t<div class=\"elementor-element elementor-element-3757d33 e-con-full e-flex e-con e-child\" data-id=\"3757d33\" data-element_type=\"container\" data-settings=\"{&quot;_ha_eqh_enable&quot;:false}\">\n\t\t\t\t<div class=\"elementor-element elementor-element-af7fc38 elementor-widget elementor-widget-heading\" data-id=\"af7fc38\" data-element_type=\"widget\" data-widget_type=\"heading.default\">\n\t\t\t\t<div class=\"elementor-widget-container\">\n\t\t\t\t\t<h2 class=\"elementor-heading-title elementor-size-default\">objetivos procamqui<\/h2>\t\t\t\t<\/div>\n\t\t\t\t<\/div>\n\t\t\t\t<div class=\"elementor-element elementor-element-20cde97 elementor-widget elementor-widget-text-editor\" data-id=\"20cde97\" data-element_type=\"widget\" data-widget_type=\"text-editor.default\">\n\t\t\t\t<div class=\"elementor-widget-container\">\n\t\t\t\t\t\t\t\t\t<p>Los objetivos institucionales de la entidad son:<\/p><ul><li>Sed ut perspiciatis unde omnis iste natus error sit unde omnis iste natus error sit\u00a0<\/li><li>Sed ut perspiciatis unde omnis iste natus error sit unde omnis iste natus error sit\u00a0<\/li><li>Sed ut perspiciatis unde omnis iste natus error sit unde omnis iste natus error sit Sed ut perspiciatis unde omnis iste natus error sit unde omnis iste natus error sit\u00a0<\/li><li>Sed ut perspiciatis unde omnis iste natus error sit unde omnis iste natus error sit Sed ut perspiciatis unde omnis iste natus error sit unde omnis iste natus error sit\u00a0<\/li><li>Sed ut perspiciatis unde omnis iste natus error sit unde omnis iste natus error sit Sed ut perspiciatis unde omnis iste natus error sit unde omnis iste natus error sit Sed ut perspiciatis unde omnis iste natus error sit unde omnis iste natus error sit\u00a0<\/li><li>Sed ut perspiciatis unde omnis iste natus error sit unde omnis iste natus error sit\u00a0<\/li><li>Sed ut perspiciatis unde omnis iste natus error sit unde omnis iste natus error sit\u00a0<\/li><li>Sed ut perspiciatis unde omnis iste natus error sit unde omnis iste natus error sit Sed ut perspiciatis unde omnis iste natus error sit unde omnis iste natus error sit Sed ut perspiciatis unde omnis iste natus error sit unde omnis iste natus error sit\u00a0<\/li><li>Sed ut perspiciatis unde omnis iste natus error sit unde omnis iste natus error sit\u00a0<\/li><li>Sed ut perspiciatis unde omnis iste natus error sit unde omnis iste natus error sit Sed ut perspiciatis unde omnis iste natus error sit unde omnis iste natus error sit\u00a0<\/li><li>Sed ut perspiciatis unde omnis iste natus error sit unde omnis iste natus error sit\u00a0<\/li><\/ul>\t\t\t\t\t\t\t\t<\/div>\n\t\t\t\t<\/div>\n\t\t\t\t<\/div>\n\t\t\t\t<\/div>\n\t\t\t\t<\/div>\n\t\t","protected":false},"excerpt":{"rendered":"<p>Descripci\u00f3n &#8211; Misi\u00f3n Visi\u00f3n Objetivos Institucionales Objetivos Institucionales objetivos procamqui Los objetivos institucionales de la entidad son: Sed ut perspiciatis unde omnis iste natus error sit unde omnis iste natus error sit\u00a0 Sed ut perspiciatis unde omnis iste natus error sit unde omnis iste natus error sit\u00a0 Sed ut perspiciatis unde omnis iste natus error [&hellip;]<\/p>\n","protected":false},"author":1,"featured_media":0,"parent":14,"menu_order":3,"comment_status":"closed","ping_status":"closed","template":"elementor_header_footer","meta":{"footnotes":""},"class_list":["post-20","page","type-page","status-publish","hentry"],"_links":{"self":[{"href":"https:\/\/ubpbo.net\/procamqui\/wp-json\/wp\/v2\/pages\/20","targetHints":{"allow":["GET"]}}],"collection":[{"href":"https:\/\/ubpbo.net\/procamqui\/wp-json\/wp\/v2\/pages"}],"about":[{"href":"https:\/\/ubpbo.net\/procamqui\/wp-json\/wp\/v2\/types\/page"}],"author":[{"embeddable":true,"href":"https:\/\/ubpbo.net\/procamqui\/wp-json\/wp\/v2\/users\/1"}],"replies":[{"embeddable":true,"href":"https:\/\/ubpbo.net\/procamqui\/wp-json\/wp\/v2\/comments?post=20"}],"version-history":[{"count":4,"href":"https:\/\/ubpbo.net\/procamqui\/wp-json\/wp\/v2\/pages\/20\/revisions"}],"predecessor-version":[{"id":267,"href":"https:\/\/ubpbo.net\/procamqui\/wp-json\/wp\/v2\/pages\/20\/revisions\/267"}],"up":[{"embeddable":true,"href":"https:\/\/ubpbo.net\/procamqui\/wp-json\/wp\/v2\/pages\/14"}],"wp:attachment":[{"href":"https:\/\/ubpbo.net\/procamqui\/wp-json\/wp\/v2\/media?parent=20"}],"curies":[{"name":"wp","href":"https:\/\/api.w.org\/{rel}","templated":true}]}}